{"id":1195,"date":"2019-04-22T11:38:11","date_gmt":"2019-04-22T09:38:11","guid":{"rendered":"https:\/\/recrulab.sk\/?page_id=1195"},"modified":"2019-04-22T11:38:11","modified_gmt":"2019-04-22T09:38:11","slug":"blog","status":"publish","type":"page","link":"https:\/\/recrulab.sk\/en\/blog\/","title":{"rendered":"Blog"},"content":{"rendered":"","protected":false},"excerpt":{"rendered":"","protected":false},"author":2,"featured_media":0,"parent":0,"menu_order":0,"comment_status":"closed","ping_status":"closed","template":"templates\/page-articles-list.php","meta":{"footnotes":""},"class_list":["post-1195","page","type-page","status-publish","hentry"],"acf":[],"yoast_head":"<!-- This site is optimized with the Yoast SEO plugin v21.4 - https:\/\/yoast.com\/wordpress\/plugins\/seo\/ -->\n<title>Blog | RecruLab<\/title>\n<meta name=\"robots\" content=\"index, follow, max-snippet:-1, max-image-preview:large, max-video-preview:-1\" \/>\n<link rel=\"canonical\" href=\"https:\/\/recrulab.sk\/en\/blog\/\" \/>\n<meta property=\"og:locale\" content=\"en_US\" \/>\n<meta property=\"og:type\" content=\"article\" \/>\n<meta property=\"og:title\" content=\"Blog | RecruLab\" \/>\n<meta property=\"og:url\" content=\"https:\/\/recrulab.sk\/en\/blog\/\" \/>\n<meta property=\"og:site_name\" content=\"RecruLab\" \/>\n<meta property=\"article:publisher\" content=\"https:\/\/www.facebook.com\/RecruLab\/\" \/>\n<meta name=\"twitter:card\" content=\"summary_large_image\" \/>\n<script type=\"application\/ld+json\" class=\"yoast-schema-graph\">{\"@context\":\"https:\/\/schema.org\",\"@graph\":[{\"@type\":\"WebPage\",\"@id\":\"https:\/\/recrulab.sk\/en\/blog\/\",\"url\":\"https:\/\/recrulab.sk\/en\/blog\/\",\"name\":\"Blog | RecruLab\",\"isPartOf\":{\"@id\":\"https:\/\/recrulab.sk\/#website\"},\"datePublished\":\"2019-04-22T09:38:11+00:00\",\"dateModified\":\"2019-04-22T09:38:11+00:00\",\"breadcrumb\":{\"@id\":\"https:\/\/recrulab.sk\/en\/blog\/#breadcrumb\"},\"inLanguage\":\"en-US\",\"potentialAction\":[{\"@type\":\"ReadAction\",\"target\":[\"https:\/\/recrulab.sk\/en\/blog\/\"]}]},{\"@type\":\"BreadcrumbList\",\"@id\":\"https:\/\/recrulab.sk\/en\/blog\/#breadcrumb\",\"itemListElement\":[{\"@type\":\"ListItem\",\"position\":1,\"name\":\"Home\",\"item\":\"https:\/\/www.recrulab.sk\/en\/\"},{\"@type\":\"ListItem\",\"position\":2,\"name\":\"Blog\"}]},{\"@type\":\"WebSite\",\"@id\":\"https:\/\/recrulab.sk\/#website\",\"url\":\"https:\/\/recrulab.sk\/\",\"name\":\"RecruLab\",\"description\":\"Spr\u00e1vny prvok pre V\u00e1\u0161 recruitment\",\"publisher\":{\"@id\":\"https:\/\/recrulab.sk\/#organization\"},\"potentialAction\":[{\"@type\":\"SearchAction\",\"target\":{\"@type\":\"EntryPoint\",\"urlTemplate\":\"https:\/\/recrulab.sk\/?s={search_term_string}\"},\"query-input\":\"required name=search_term_string\"}],\"inLanguage\":\"en-US\"},{\"@type\":\"Organization\",\"@id\":\"https:\/\/recrulab.sk\/#organization\",\"name\":\"RecruLab\",\"url\":\"https:\/\/recrulab.sk\/\",\"logo\":{\"@type\":\"ImageObject\",\"inLanguage\":\"en-US\",\"@id\":\"https:\/\/recrulab.sk\/#\/schema\/logo\/image\/\",\"url\":\"https:\/\/recrulab.sk\/wp-content\/uploads\/2017\/09\/logo-recrulab-1.png\",\"contentUrl\":\"https:\/\/recrulab.sk\/wp-content\/uploads\/2017\/09\/logo-recrulab-1.png\",\"width\":981,\"height\":148,\"caption\":\"RecruLab\"},\"image\":{\"@id\":\"https:\/\/recrulab.sk\/#\/schema\/logo\/image\/\"},\"sameAs\":[\"https:\/\/www.facebook.com\/RecruLab\/\",\"https:\/\/www.linkedin.com\/company\/recrulab\"]}]}<\/script>\n<!-- \/ Yoast SEO plugin. -->","yoast_head_json":{"title":"Blog | RecruLab","robots":{"index":"index","follow":"follow","max-snippet":"max-snippet:-1","max-image-preview":"max-image-preview:large","max-video-preview":"max-video-preview:-1"},"canonical":"https:\/\/recrulab.sk\/en\/blog\/","og_locale":"en_US","og_type":"article","og_title":"Blog | RecruLab","og_url":"https:\/\/recrulab.sk\/en\/blog\/","og_site_name":"RecruLab","article_publisher":"https:\/\/www.facebook.com\/RecruLab\/","twitter_card":"summary_large_image","schema":{"@context":"https:\/\/schema.org","@graph":[{"@type":"WebPage","@id":"https:\/\/recrulab.sk\/en\/blog\/","url":"https:\/\/recrulab.sk\/en\/blog\/","name":"Blog | RecruLab","isPartOf":{"@id":"https:\/\/recrulab.sk\/#website"},"datePublished":"2019-04-22T09:38:11+00:00","dateModified":"2019-04-22T09:38:11+00:00","breadcrumb":{"@id":"https:\/\/recrulab.sk\/en\/blog\/#breadcrumb"},"inLanguage":"en-US","potentialAction":[{"@type":"ReadAction","target":["https:\/\/recrulab.sk\/en\/blog\/"]}]},{"@type":"BreadcrumbList","@id":"https:\/\/recrulab.sk\/en\/blog\/#breadcrumb","itemListElement":[{"@type":"ListItem","position":1,"name":"Home","item":"https:\/\/www.recrulab.sk\/en\/"},{"@type":"ListItem","position":2,"name":"Blog"}]},{"@type":"WebSite","@id":"https:\/\/recrulab.sk\/#website","url":"https:\/\/recrulab.sk\/","name":"RecruLab","description":"Spr\u00e1vny prvok pre V\u00e1\u0161 recruitment","publisher":{"@id":"https:\/\/recrulab.sk\/#organization"},"potentialAction":[{"@type":"SearchAction","target":{"@type":"EntryPoint","urlTemplate":"https:\/\/recrulab.sk\/?s={search_term_string}"},"query-input":"required name=search_term_string"}],"inLanguage":"en-US"},{"@type":"Organization","@id":"https:\/\/recrulab.sk\/#organization","name":"RecruLab","url":"https:\/\/recrulab.sk\/","logo":{"@type":"ImageObject","inLanguage":"en-US","@id":"https:\/\/recrulab.sk\/#\/schema\/logo\/image\/","url":"https:\/\/recrulab.sk\/wp-content\/uploads\/2017\/09\/logo-recrulab-1.png","contentUrl":"https:\/\/recrulab.sk\/wp-content\/uploads\/2017\/09\/logo-recrulab-1.png","width":981,"height":148,"caption":"RecruLab"},"image":{"@id":"https:\/\/recrulab.sk\/#\/schema\/logo\/image\/"},"sameAs":["https:\/\/www.facebook.com\/RecruLab\/","https:\/\/www.linkedin.com\/company\/recrulab"]}]}},"_links":{"self":[{"href":"https:\/\/recrulab.sk\/en\/wp-json\/wp\/v2\/pages\/1195","targetHints":{"allow":["GET"]}}],"collection":[{"href":"https:\/\/recrulab.sk\/en\/wp-json\/wp\/v2\/pages"}],"about":[{"href":"https:\/\/recrulab.sk\/en\/wp-json\/wp\/v2\/types\/page"}],"author":[{"embeddable":true,"href":"https:\/\/recrulab.sk\/en\/wp-json\/wp\/v2\/users\/2"}],"replies":[{"embeddable":true,"href":"https:\/\/recrulab.sk\/en\/wp-json\/wp\/v2\/comments?post=1195"}],"version-history":[{"count":1,"href":"https:\/\/recrulab.sk\/en\/wp-json\/wp\/v2\/pages\/1195\/revisions"}],"predecessor-version":[{"id":1202,"href":"https:\/\/recrulab.sk\/en\/wp-json\/wp\/v2\/pages\/1195\/revisions\/1202"}],"wp:attachment":[{"href":"https:\/\/recrulab.sk\/en\/wp-json\/wp\/v2\/media?parent=1195"}],"curies":[{"name":"wp","href":"https:\/\/api.w.org\/{rel}","templated":true}]}}