{"id":1194,"date":"2019-04-22T11:39:24","date_gmt":"2019-04-22T09:39:24","guid":{"rendered":"https:\/\/recrulab.sk\/?page_id=1194"},"modified":"2019-06-12T07:57:54","modified_gmt":"2019-06-12T05:57:54","slug":"how-we-work","status":"publish","type":"page","link":"https:\/\/recrulab.sk\/en\/how-we-work\/","title":{"rendered":"How we work"},"content":{"rendered":"<h2>How we work<\/h2>\n<p><img loading=\"lazy\" decoding=\"async\" class=\"aligncenter wp-image-1254 size-full\" src=\"https:\/\/recrulab.sk\/wp-content\/uploads\/2019\/05\/ako-pracujeme_eng.png\" alt=\"\" width=\"9922\" height=\"3544\" \/><\/p>\n<hr \/>\n<h3>Way of work<\/h3>\n<p><img loading=\"lazy\" decoding=\"async\" class=\"aligncenter wp-image-1255 size-full\" src=\"https:\/\/recrulab.sk\/wp-content\/uploads\/2019\/05\/sposob-prace_eng.png\" alt=\"\" width=\"9922\" height=\"2752\" \/><\/p>\n<hr \/>\n<h3>Sources<\/h3>\n<p><img loading=\"lazy\" decoding=\"async\" class=\"aligncenter wp-image-1260 size-full\" src=\"https:\/\/recrulab.sk\/wp-content\/uploads\/2019\/05\/zdroje_eng-2.png\" alt=\"\" width=\"500\" height=\"500\" \/><\/p>\n","protected":false},"excerpt":{"rendered":"<p>How we work Way of work Sources<\/p>\n","protected":false},"author":2,"featured_media":0,"parent":0,"menu_order":0,"comment_status":"closed","ping_status":"closed","template":"templates\/page-how.php","meta":{"footnotes":""},"class_list":["post-1194","page","type-page","status-publish","hentry"],"acf":[],"yoast_head":"<!-- This site is optimized with the Yoast SEO plugin v21.4 - https:\/\/yoast.com\/wordpress\/plugins\/seo\/ -->\n<title>How we work | RecruLab<\/title>\n<meta name=\"robots\" content=\"index, follow, max-snippet:-1, max-image-preview:large, max-video-preview:-1\" \/>\n<link rel=\"canonical\" href=\"https:\/\/recrulab.sk\/en\/how-we-work\/\" \/>\n<meta property=\"og:locale\" content=\"en_US\" \/>\n<meta property=\"og:type\" content=\"article\" \/>\n<meta property=\"og:title\" content=\"How we work | RecruLab\" \/>\n<meta property=\"og:description\" content=\"How we work Way of work Sources\" \/>\n<meta property=\"og:url\" content=\"https:\/\/recrulab.sk\/en\/how-we-work\/\" \/>\n<meta property=\"og:site_name\" content=\"RecruLab\" \/>\n<meta property=\"article:publisher\" content=\"https:\/\/www.facebook.com\/RecruLab\/\" \/>\n<meta property=\"article:modified_time\" content=\"2019-06-12T05:57:54+00:00\" \/>\n<meta property=\"og:image\" content=\"https:\/\/recrulab.sk\/wp-content\/uploads\/2019\/05\/ako-pracujeme_eng.png\" \/>\n<meta name=\"twitter:card\" content=\"summary_large_image\" \/>\n<script type=\"application\/ld+json\" class=\"yoast-schema-graph\">{\"@context\":\"https:\/\/schema.org\",\"@graph\":[{\"@type\":\"WebPage\",\"@id\":\"https:\/\/recrulab.sk\/en\/how-we-work\/\",\"url\":\"https:\/\/recrulab.sk\/en\/how-we-work\/\",\"name\":\"How we work | RecruLab\",\"isPartOf\":{\"@id\":\"https:\/\/recrulab.sk\/#website\"},\"datePublished\":\"2019-04-22T09:39:24+00:00\",\"dateModified\":\"2019-06-12T05:57:54+00:00\",\"breadcrumb\":{\"@id\":\"https:\/\/recrulab.sk\/en\/how-we-work\/#breadcrumb\"},\"inLanguage\":\"en-US\",\"potentialAction\":[{\"@type\":\"ReadAction\",\"target\":[\"https:\/\/recrulab.sk\/en\/how-we-work\/\"]}]},{\"@type\":\"BreadcrumbList\",\"@id\":\"https:\/\/recrulab.sk\/en\/how-we-work\/#breadcrumb\",\"itemListElement\":[{\"@type\":\"ListItem\",\"position\":1,\"name\":\"Home\",\"item\":\"https:\/\/www.recrulab.sk\/en\/\"},{\"@type\":\"ListItem\",\"position\":2,\"name\":\"How we work\"}]},{\"@type\":\"WebSite\",\"@id\":\"https:\/\/recrulab.sk\/#website\",\"url\":\"https:\/\/recrulab.sk\/\",\"name\":\"RecruLab\",\"description\":\"Spr\u00e1vny prvok pre V\u00e1\u0161 recruitment\",\"publisher\":{\"@id\":\"https:\/\/recrulab.sk\/#organization\"},\"potentialAction\":[{\"@type\":\"SearchAction\",\"target\":{\"@type\":\"EntryPoint\",\"urlTemplate\":\"https:\/\/recrulab.sk\/?s={search_term_string}\"},\"query-input\":\"required name=search_term_string\"}],\"inLanguage\":\"en-US\"},{\"@type\":\"Organization\",\"@id\":\"https:\/\/recrulab.sk\/#organization\",\"name\":\"RecruLab\",\"url\":\"https:\/\/recrulab.sk\/\",\"logo\":{\"@type\":\"ImageObject\",\"inLanguage\":\"en-US\",\"@id\":\"https:\/\/recrulab.sk\/#\/schema\/logo\/image\/\",\"url\":\"https:\/\/recrulab.sk\/wp-content\/uploads\/2017\/09\/logo-recrulab-1.png\",\"contentUrl\":\"https:\/\/recrulab.sk\/wp-content\/uploads\/2017\/09\/logo-recrulab-1.png\",\"width\":981,\"height\":148,\"caption\":\"RecruLab\"},\"image\":{\"@id\":\"https:\/\/recrulab.sk\/#\/schema\/logo\/image\/\"},\"sameAs\":[\"https:\/\/www.facebook.com\/RecruLab\/\",\"https:\/\/www.linkedin.com\/company\/recrulab\"]}]}<\/script>\n<!-- \/ Yoast SEO plugin. -->","yoast_head_json":{"title":"How we work | RecruLab","robots":{"index":"index","follow":"follow","max-snippet":"max-snippet:-1","max-image-preview":"max-image-preview:large","max-video-preview":"max-video-preview:-1"},"canonical":"https:\/\/recrulab.sk\/en\/how-we-work\/","og_locale":"en_US","og_type":"article","og_title":"How we work | RecruLab","og_description":"How we work Way of work Sources","og_url":"https:\/\/recrulab.sk\/en\/how-we-work\/","og_site_name":"RecruLab","article_publisher":"https:\/\/www.facebook.com\/RecruLab\/","article_modified_time":"2019-06-12T05:57:54+00:00","og_image":[{"url":"https:\/\/recrulab.sk\/wp-content\/uploads\/2019\/05\/ako-pracujeme_eng.png"}],"twitter_card":"summary_large_image","schema":{"@context":"https:\/\/schema.org","@graph":[{"@type":"WebPage","@id":"https:\/\/recrulab.sk\/en\/how-we-work\/","url":"https:\/\/recrulab.sk\/en\/how-we-work\/","name":"How we work | RecruLab","isPartOf":{"@id":"https:\/\/recrulab.sk\/#website"},"datePublished":"2019-04-22T09:39:24+00:00","dateModified":"2019-06-12T05:57:54+00:00","breadcrumb":{"@id":"https:\/\/recrulab.sk\/en\/how-we-work\/#breadcrumb"},"inLanguage":"en-US","potentialAction":[{"@type":"ReadAction","target":["https:\/\/recrulab.sk\/en\/how-we-work\/"]}]},{"@type":"BreadcrumbList","@id":"https:\/\/recrulab.sk\/en\/how-we-work\/#breadcrumb","itemListElement":[{"@type":"ListItem","position":1,"name":"Home","item":"https:\/\/www.recrulab.sk\/en\/"},{"@type":"ListItem","position":2,"name":"How we work"}]},{"@type":"WebSite","@id":"https:\/\/recrulab.sk\/#website","url":"https:\/\/recrulab.sk\/","name":"RecruLab","description":"Spr\u00e1vny prvok pre V\u00e1\u0161 recruitment","publisher":{"@id":"https:\/\/recrulab.sk\/#organization"},"potentialAction":[{"@type":"SearchAction","target":{"@type":"EntryPoint","urlTemplate":"https:\/\/recrulab.sk\/?s={search_term_string}"},"query-input":"required name=search_term_string"}],"inLanguage":"en-US"},{"@type":"Organization","@id":"https:\/\/recrulab.sk\/#organization","name":"RecruLab","url":"https:\/\/recrulab.sk\/","logo":{"@type":"ImageObject","inLanguage":"en-US","@id":"https:\/\/recrulab.sk\/#\/schema\/logo\/image\/","url":"https:\/\/recrulab.sk\/wp-content\/uploads\/2017\/09\/logo-recrulab-1.png","contentUrl":"https:\/\/recrulab.sk\/wp-content\/uploads\/2017\/09\/logo-recrulab-1.png","width":981,"height":148,"caption":"RecruLab"},"image":{"@id":"https:\/\/recrulab.sk\/#\/schema\/logo\/image\/"},"sameAs":["https:\/\/www.facebook.com\/RecruLab\/","https:\/\/www.linkedin.com\/company\/recrulab"]}]}},"_links":{"self":[{"href":"https:\/\/recrulab.sk\/en\/wp-json\/wp\/v2\/pages\/1194","targetHints":{"allow":["GET"]}}],"collection":[{"href":"https:\/\/recrulab.sk\/en\/wp-json\/wp\/v2\/pages"}],"about":[{"href":"https:\/\/recrulab.sk\/en\/wp-json\/wp\/v2\/types\/page"}],"author":[{"embeddable":true,"href":"https:\/\/recrulab.sk\/en\/wp-json\/wp\/v2\/users\/2"}],"replies":[{"embeddable":true,"href":"https:\/\/recrulab.sk\/en\/wp-json\/wp\/v2\/comments?post=1194"}],"version-history":[{"count":6,"href":"https:\/\/recrulab.sk\/en\/wp-json\/wp\/v2\/pages\/1194\/revisions"}],"predecessor-version":[{"id":1291,"href":"https:\/\/recrulab.sk\/en\/wp-json\/wp\/v2\/pages\/1194\/revisions\/1291"}],"wp:attachment":[{"href":"https:\/\/recrulab.sk\/en\/wp-json\/wp\/v2\/media?parent=1194"}],"curies":[{"name":"wp","href":"https:\/\/api.w.org\/{rel}","templated":true}]}}